{"id":1139,"date":"2021-02-13T15:26:57","date_gmt":"2021-02-13T15:26:57","guid":{"rendered":"https:\/\/colegiomontessori.cl\/wp2\/?page_id=1139"},"modified":"2022-05-17T18:22:47","modified_gmt":"2022-05-17T22:22:47","slug":"estructura-organizacional","status":"publish","type":"page","link":"https:\/\/colegiomontessori.cl\/wp2\/estructura-organizacional\/","title":{"rendered":"Estructura Organizacional"},"content":{"rendered":"\t\t<div data-elementor-type=\"wp-page\" data-elementor-id=\"1139\" class=\"elementor elementor-1139\" data-elementor-post-type=\"page\">\n\t\t\t\t\t\t\t\t\t<section class=\"elementor-section elementor-top-section elementor-element elementor-element-4d9b7df2 elementor-section-full_width elementor-section-stretched elementor-section-height-default elementor-section-height-default\" data-id=\"4d9b7df2\" data-element_type=\"section\" data-settings=\"{&quot;stretch_section&quot;:&quot;section-stretched&quot;}\">\n\t\t\t\t\t\t<div class=\"elementor-container elementor-column-gap-default\">\n\t\t\t\t\t<div class=\"elementor-column elementor-col-100 elementor-top-column elementor-element elementor-element-7b077964\" data-id=\"7b077964\" data-element_type=\"column\">\n\t\t\t<div class=\"elementor-widget-wrap elementor-element-populated\">\n\t\t\t\t\t\t\t\t<div class=\"elementor-element elementor-element-1efe1c91 elementor-widget elementor-widget-heading\" data-id=\"1efe1c91\" data-element_type=\"widget\" data-widget_type=\"heading.default\">\n\t\t\t\t<div class=\"elementor-widget-container\">\n\t\t\t<h6 class=\"elementor-heading-title elementor-size-default\">ESTRUCTURA ORGANIZACIONAL<\/h6>\t\t<\/div>\n\t\t\t\t<\/div>\n\t\t\t\t<div class=\"elementor-element elementor-element-a3884fb elementor-widget-divider--view-line elementor-widget elementor-widget-divider\" data-id=\"a3884fb\" data-element_type=\"widget\" data-widget_type=\"divider.default\">\n\t\t\t\t<div class=\"elementor-widget-container\">\n\t\t\t\t\t<div class=\"elementor-divider\">\n\t\t\t<span class=\"elementor-divider-separator\">\n\t\t\t\t\t\t<\/span>\n\t\t<\/div>\n\t\t\t\t<\/div>\n\t\t\t\t<\/div>\n\t\t\t\t\t<\/div>\n\t\t<\/div>\n\t\t\t\t\t\t\t<\/div>\n\t\t<\/section>\n\t\t\t\t<section class=\"elementor-section elementor-top-section elementor-element elementor-element-29d18ca8 elementor-section-stretched elementor-section-boxed elementor-section-height-default elementor-section-height-default\" data-id=\"29d18ca8\" data-element_type=\"section\" data-settings=\"{&quot;stretch_section&quot;:&quot;section-stretched&quot;}\">\n\t\t\t\t\t\t<div class=\"elementor-container elementor-column-gap-default\">\n\t\t\t\t\t<div class=\"elementor-column elementor-col-100 elementor-top-column elementor-element elementor-element-2f25a184\" data-id=\"2f25a184\" data-element_type=\"column\">\n\t\t\t<div class=\"elementor-widget-wrap elementor-element-populated\">\n\t\t\t\t\t\t\t\t<div class=\"elementor-element elementor-element-02f4b5f elementor-widget elementor-widget-text-editor\" data-id=\"02f4b5f\" data-element_type=\"widget\" data-widget_type=\"text-editor.default\">\n\t\t\t\t<div class=\"elementor-widget-container\">\n\t\t\t\t\t\t\t<p>La estructura organizacional de Colegio Montessori de Temuco tiene el siguiente formato:<\/p>\t\t\t\t\t\t<\/div>\n\t\t\t\t<\/div>\n\t\t\t\t\t<\/div>\n\t\t<\/div>\n\t\t\t\t\t\t\t<\/div>\n\t\t<\/section>\n\t\t\t\t<section class=\"elementor-section elementor-top-section elementor-element elementor-element-262c2d92 elementor-section-stretched elementor-section-boxed elementor-section-height-default elementor-section-height-default\" data-id=\"262c2d92\" data-element_type=\"section\" data-settings=\"{&quot;stretch_section&quot;:&quot;section-stretched&quot;}\">\n\t\t\t\t\t\t<div class=\"elementor-container elementor-column-gap-default\">\n\t\t\t\t\t<div class=\"elementor-column elementor-col-33 elementor-top-column elementor-element elementor-element-e69fd6e\" data-id=\"e69fd6e\" data-element_type=\"column\">\n\t\t\t<div class=\"elementor-widget-wrap\">\n\t\t\t\t\t\t\t\t\t<\/div>\n\t\t<\/div>\n\t\t\t\t<div class=\"elementor-column elementor-col-33 elementor-top-column elementor-element elementor-element-b0a0423\" data-id=\"b0a0423\" data-element_type=\"column\">\n\t\t\t<div class=\"elementor-widget-wrap elementor-element-populated\">\n\t\t\t\t\t\t\t\t<div class=\"elementor-element elementor-element-2ac1369 elementor-widget elementor-widget-image\" data-id=\"2ac1369\" data-element_type=\"widget\" data-widget_type=\"image.default\">\n\t\t\t\t<div class=\"elementor-widget-container\">\n\t\t\t\t\t\t\t\t\t\t\t\t\t\t\t\t<a href=\"https:\/\/colegiomontessori.cl\/wp2\/wp-content\/uploads\/2022\/05\/Organigrama-2022.jpg\" data-elementor-open-lightbox=\"yes\" data-elementor-lightbox-title=\"Organigrama-2022\" data-e-action-hash=\"#elementor-action%3Aaction%3Dlightbox%26settings%3DeyJpZCI6MTIwMjIsInVybCI6Imh0dHBzOlwvXC9jb2xlZ2lvbW9udGVzc29yaS5jbFwvd3AyXC93cC1jb250ZW50XC91cGxvYWRzXC8yMDIyXC8wNVwvT3JnYW5pZ3JhbWEtMjAyMi5qcGcifQ%3D%3D\">\n\t\t\t\t\t\t\t<img loading=\"lazy\" decoding=\"async\" width=\"900\" height=\"647\" src=\"https:\/\/colegiomontessori.cl\/wp2\/wp-content\/uploads\/2022\/05\/Organigrama-2022.jpg\" class=\"attachment-large size-large wp-image-12022\" alt=\"\" srcset=\"https:\/\/colegiomontessori.cl\/wp2\/wp-content\/uploads\/2022\/05\/Organigrama-2022.jpg 900w, https:\/\/colegiomontessori.cl\/wp2\/wp-content\/uploads\/2022\/05\/Organigrama-2022-300x216.jpg 300w, https:\/\/colegiomontessori.cl\/wp2\/wp-content\/uploads\/2022\/05\/Organigrama-2022-768x552.jpg 768w\" sizes=\"auto, (max-width: 900px) 100vw, 900px\" \/>\t\t\t\t\t\t\t\t<\/a>\n\t\t\t\t\t\t\t\t\t\t\t\t\t\t\t<\/div>\n\t\t\t\t<\/div>\n\t\t\t\t\t<\/div>\n\t\t<\/div>\n\t\t\t\t<div class=\"elementor-column elementor-col-33 elementor-top-column elementor-element elementor-element-604b31c\" data-id=\"604b31c\" data-element_type=\"column\">\n\t\t\t<div class=\"elementor-widget-wrap\">\n\t\t\t\t\t\t\t\t\t<\/div>\n\t\t<\/div>\n\t\t\t\t\t\t\t<\/div>\n\t\t<\/section>\n\t\t\t\t<section class=\"elementor-section elementor-top-section elementor-element elementor-element-a204360 elementor-section-stretched elementor-section-boxed elementor-section-height-default elementor-section-height-default\" data-id=\"a204360\" data-element_type=\"section\" data-settings=\"{&quot;stretch_section&quot;:&quot;section-stretched&quot;}\">\n\t\t\t\t\t\t<div class=\"elementor-container elementor-column-gap-wide\">\n\t\t\t\t\t<div class=\"elementor-column elementor-col-50 elementor-top-column elementor-element elementor-element-e9f0adf\" data-id=\"e9f0adf\" data-element_type=\"column\">\n\t\t\t<div class=\"elementor-widget-wrap elementor-element-populated\">\n\t\t\t\t\t\t\t\t<div class=\"elementor-element elementor-element-4f84ca2 elementor-widget elementor-widget-text-editor\" data-id=\"4f84ca2\" data-element_type=\"widget\" data-widget_type=\"text-editor.default\">\n\t\t\t\t<div class=\"elementor-widget-container\">\n\t\t\t\t\t\t\t<p>Nuestra organizaci\u00f3n tiene como objetivo potenciar el desarrollo formativo de sus alumnos mediante la m\u00e1xima especializaci\u00f3n de sus funcionarios en los distintos niveles jer\u00e1rquicos de la operaci\u00f3n.<\/p><p>As\u00ed, la estructura organizacional est\u00e1 constituida por una <strong>Direcci\u00f3n General<\/strong> que desarrolla las directrices institucionales y tres subdirecciones con sus respectivas unidades de trabajo: Subdirecci\u00f3n de Administraci\u00f3n y Finanzas, Subdirecci\u00f3n Acad\u00e9mica y Subdirecci\u00f3n de Convivencia Escolar.<\/p><p>La <strong>Direcci\u00f3n de Administraci\u00f3n y Finanzas<\/strong> tiene el fin dise\u00f1ar y ejecutar las actividades operacionales y financieras de la instituci\u00f3n asegurando el cumplimiento de la misi\u00f3n, visi\u00f3n y valores institucionales garantizando el funcionamiento presente y futuro de la organizaci\u00f3n.<\/p>\t\t\t\t\t\t<\/div>\n\t\t\t\t<\/div>\n\t\t\t\t\t<\/div>\n\t\t<\/div>\n\t\t\t\t<div class=\"elementor-column elementor-col-50 elementor-top-column elementor-element elementor-element-b13579f\" data-id=\"b13579f\" data-element_type=\"column\">\n\t\t\t<div class=\"elementor-widget-wrap elementor-element-populated\">\n\t\t\t\t\t\t\t\t<div class=\"elementor-element elementor-element-ea93169 elementor-widget elementor-widget-text-editor\" data-id=\"ea93169\" data-element_type=\"widget\" data-widget_type=\"text-editor.default\">\n\t\t\t\t<div class=\"elementor-widget-container\">\n\t\t\t\t\t\t\t<p>La <strong>Direcci\u00f3n Acad\u00e9mica<\/strong> tiene el fin de crear e implementar el proyecto educativo poniendo \u00e9nfasis en los pilares educativos institucionales que aseguren la obtenci\u00f3n del perfil de egreso del alumno del Colegio Montessori de Temuco.<\/p><p>La <strong>Direcci\u00f3n de<\/strong> <strong>Convivencia Escolar<\/strong> tiene el fin de promover la participaci\u00f3n de los distintos actores de comunidad escolar en las iniciativas contenidas en el Proyecto Educativo Institucional, sosteniendo entre ellos, en una interacci\u00f3n positiva y constructiva que permita el desarrollo integral de los alumnos y un adecuado clima organizacional.<\/p>\t\t\t\t\t\t<\/div>\n\t\t\t\t<\/div>\n\t\t\t\t\t<\/div>\n\t\t<\/div>\n\t\t\t\t\t\t\t<\/div>\n\t\t<\/section>\n\t\t\t\t<section class=\"elementor-section elementor-top-section elementor-element elementor-element-3b106e8e elementor-section-stretched elementor-section-boxed elementor-section-height-default elementor-section-height-default\" data-id=\"3b106e8e\" data-element_type=\"section\" data-settings=\"{&quot;stretch_section&quot;:&quot;section-stretched&quot;}\">\n\t\t\t\t\t\t<div class=\"elementor-container elementor-column-gap-default\">\n\t\t\t\t\t<div class=\"elementor-column elementor-col-100 elementor-top-column elementor-element elementor-element-3c778460\" data-id=\"3c778460\" data-element_type=\"column\">\n\t\t\t<div class=\"elementor-widget-wrap\">\n\t\t\t\t\t\t\t\t\t<\/div>\n\t\t<\/div>\n\t\t\t\t\t\t\t<\/div>\n\t\t<\/section>\n\t\t\t\t\t\t\t<\/div>\n\t\t","protected":false},"excerpt":{"rendered":"<p>ESTRUCTURA ORGANIZACIONAL La estructura organizacional de Colegio Montessori de Temuco tiene el siguiente formato: Nuestra organizaci\u00f3n tiene como objetivo potenciar el desarrollo formativo de sus alumnos mediante la m\u00e1xima especializaci\u00f3n de sus funcionarios en los distintos niveles jer\u00e1rquicos de la operaci\u00f3n. As\u00ed, la estructura organizacional est\u00e1 constituida por una Direcci\u00f3n General que desarrolla las directrices &hellip;<\/p>\n<p class=\"read-more\"> <a class=\"\" href=\"https:\/\/colegiomontessori.cl\/wp2\/estructura-organizacional\/\"> <span class=\"screen-reader-text\">Estructura Organizacional<\/span> Leer m\u00e1s &raquo;<\/a><\/p>\n","protected":false},"author":2,"featured_media":0,"parent":0,"menu_order":0,"comment_status":"closed","ping_status":"closed","template":"","meta":{"footnotes":""},"class_list":["post-1139","page","type-page","status-publish","hentry"],"_links":{"self":[{"href":"https:\/\/colegiomontessori.cl\/wp2\/wp-json\/wp\/v2\/pages\/1139","targetHints":{"allow":["GET"]}}],"collection":[{"href":"https:\/\/colegiomontessori.cl\/wp2\/wp-json\/wp\/v2\/pages"}],"about":[{"href":"https:\/\/colegiomontessori.cl\/wp2\/wp-json\/wp\/v2\/types\/page"}],"author":[{"embeddable":true,"href":"https:\/\/colegiomontessori.cl\/wp2\/wp-json\/wp\/v2\/users\/2"}],"replies":[{"embeddable":true,"href":"https:\/\/colegiomontessori.cl\/wp2\/wp-json\/wp\/v2\/comments?post=1139"}],"version-history":[{"count":32,"href":"https:\/\/colegiomontessori.cl\/wp2\/wp-json\/wp\/v2\/pages\/1139\/revisions"}],"predecessor-version":[{"id":12024,"href":"https:\/\/colegiomontessori.cl\/wp2\/wp-json\/wp\/v2\/pages\/1139\/revisions\/12024"}],"wp:attachment":[{"href":"https:\/\/colegiomontessori.cl\/wp2\/wp-json\/wp\/v2\/media?parent=1139"}],"curies":[{"name":"wp","href":"https:\/\/api.w.org\/{rel}","templated":true}]}}