{"id":15806,"date":"2023-02-27T10:32:26","date_gmt":"2023-02-27T13:32:26","guid":{"rendered":"https:\/\/colegiomontessori.cl\/wp2\/?page_id=15806"},"modified":"2025-04-03T15:56:15","modified_gmt":"2025-04-03T18:56:15","slug":"informatica-y-comunicaciones","status":"publish","type":"page","link":"https:\/\/colegiomontessori.cl\/wp2\/informatica-y-comunicaciones\/","title":{"rendered":"Inform\u00e1tica y Comunicaciones"},"content":{"rendered":"\t\t<div data-elementor-type=\"wp-page\" data-elementor-id=\"15806\" class=\"elementor elementor-15806\" data-elementor-post-type=\"page\">\n\t\t\t\t\t\t\t\t\t<section class=\"elementor-section elementor-top-section elementor-element elementor-element-9538889 elementor-section-boxed elementor-section-height-default elementor-section-height-default\" data-id=\"9538889\" data-element_type=\"section\">\n\t\t\t\t\t\t<div class=\"elementor-container elementor-column-gap-default\">\n\t\t\t\t\t<div class=\"elementor-column elementor-col-100 elementor-top-column elementor-element elementor-element-3147b07\" data-id=\"3147b07\" data-element_type=\"column\">\n\t\t\t<div class=\"elementor-widget-wrap\">\n\t\t\t\t\t\t\t\t\t<\/div>\n\t\t<\/div>\n\t\t\t\t\t\t\t<\/div>\n\t\t<\/section>\n\t\t\t\t<section class=\"elementor-section elementor-top-section elementor-element elementor-element-612c156d elementor-section-full_width elementor-section-height-default elementor-section-height-default\" data-id=\"612c156d\" data-element_type=\"section\">\n\t\t\t\t\t\t<div class=\"elementor-container elementor-column-gap-default\">\n\t\t\t\t\t<div class=\"elementor-column elementor-col-33 elementor-top-column elementor-element elementor-element-56d2a697\" data-id=\"56d2a697\" data-element_type=\"column\" data-settings=\"{&quot;background_background&quot;:&quot;classic&quot;}\">\n\t\t\t<div class=\"elementor-widget-wrap\">\n\t\t\t\t\t\t\t\t\t<\/div>\n\t\t<\/div>\n\t\t\t\t<div class=\"elementor-column elementor-col-33 elementor-top-column elementor-element elementor-element-62c6ae4\" data-id=\"62c6ae4\" data-element_type=\"column\" data-settings=\"{&quot;background_background&quot;:&quot;classic&quot;}\">\n\t\t\t<div class=\"elementor-widget-wrap\">\n\t\t\t\t\t\t\t\t\t<\/div>\n\t\t<\/div>\n\t\t\t\t<div class=\"elementor-column elementor-col-33 elementor-top-column elementor-element elementor-element-3989cd7\" data-id=\"3989cd7\" data-element_type=\"column\">\n\t\t\t<div class=\"elementor-widget-wrap elementor-element-populated\">\n\t\t\t\t\t\t\t\t<div class=\"elementor-element elementor-element-717f586 elementor-hidden-desktop elementor-widget elementor-widget-heading\" data-id=\"717f586\" data-element_type=\"widget\" data-widget_type=\"heading.default\">\n\t\t\t\t<div class=\"elementor-widget-container\">\n\t\t\t<h5 class=\"elementor-heading-title elementor-size-default\">COLABORADORES<\/h5>\t\t<\/div>\n\t\t\t\t<\/div>\n\t\t\t\t<div class=\"elementor-element elementor-element-7d306d0c elementor-nav-menu__align-left elementor-nav-menu--dropdown-mobile elementor-nav-menu__text-align-center elementor-hidden-desktop elementor-nav-menu--toggle elementor-nav-menu--burger elementor-widget elementor-widget-nav-menu\" data-id=\"7d306d0c\" data-element_type=\"widget\" data-settings=\"{&quot;layout&quot;:&quot;horizontal&quot;,&quot;submenu_icon&quot;:{&quot;value&quot;:&quot;&lt;i class=\\&quot;fas fa-caret-down\\&quot;&gt;&lt;\\\/i&gt;&quot;,&quot;library&quot;:&quot;fa-solid&quot;},&quot;toggle&quot;:&quot;burger&quot;}\" data-widget_type=\"nav-menu.default\">\n\t\t\t\t<div class=\"elementor-widget-container\">\n\t\t\t\t\t\t<nav class=\"elementor-nav-menu--main elementor-nav-menu__container elementor-nav-menu--layout-horizontal e--pointer-none\">\n\t\t\t\t<ul id=\"menu-1-7d306d0c\" class=\"elementor-nav-menu\"><li class=\"menu-item menu-item-type-custom menu-item-object-custom menu-item-16679\"><a href=\"https:\/\/colegiomontessori.cl\/wp2\/equipo-directivo\" class=\"elementor-item menu-link\">EQUIPO DIRECTIVO<\/a><\/li>\n<li class=\"menu-item menu-item-type-custom menu-item-object-custom menu-item-3409\"><a href=\"https:\/\/colegiomontessori.cl\/wp2\/administracion-y-finanzas\/\" class=\"elementor-item menu-link\">ADMINISTRACI\u00d3N Y FINANZAS<\/a><\/li>\n<li class=\"menu-item menu-item-type-custom menu-item-object-custom menu-item-3410\"><a href=\"https:\/\/colegiomontessori.cl\/wp2\/inspectoria-general\/\" class=\"elementor-item menu-link\">INSPECTOR\u00cdA GENERAL<\/a><\/li>\n<li class=\"menu-item menu-item-type-custom menu-item-object-custom menu-item-27608\"><a href=\"https:\/\/colegiomontessori.cl\/wp2\/convivencia-escolar\" class=\"elementor-item menu-link\">CONVIVENCIA ESCOLAR<\/a><\/li>\n<li class=\"menu-item menu-item-type-custom menu-item-object-custom menu-item-3415\"><a href=\"https:\/\/colegiomontessori.cl\/wp2\/educacion-parvularia\/\" class=\"elementor-item menu-link\">EDUCACI\u00d3N PARVULARIA<\/a><\/li>\n<li class=\"menu-item menu-item-type-custom menu-item-object-custom menu-item-3408\"><a href=\"https:\/\/colegiomontessori.cl\/wp2\/educacion-basica\/\" class=\"elementor-item menu-link\">EDUCACI\u00d3N B\u00c1SICA<\/a><\/li>\n<li class=\"menu-item menu-item-type-custom menu-item-object-custom menu-item-3411\"><a href=\"https:\/\/colegiomontessori.cl\/wp2\/educacion-media\/\" class=\"elementor-item menu-link\">EDUCACI\u00d3N MEDIA<\/a><\/li>\n<li class=\"menu-item menu-item-type-custom menu-item-object-custom menu-item-3412\"><a href=\"https:\/\/colegiomontessori.cl\/wp2\/programa-de-integracion-escolar\/\" class=\"elementor-item menu-link\">PROGRAMA DE INTEGRACI\u00d3N ESCOLAR<\/a><\/li>\n<li class=\"menu-item menu-item-type-custom menu-item-object-custom menu-item-15767\"><a href=\"https:\/\/colegiomontessori.cl\/wp2\/biblioteca-cra\/\" class=\"elementor-item menu-link\">BIBLIOTECA CRA<\/a><\/li>\n<li class=\"menu-item menu-item-type-custom menu-item-object-custom menu-item-15756\"><a href=\"https:\/\/colegiomontessori.cl\/wp2\/aseo-y-mantenimiento\/\" class=\"elementor-item menu-link\">ASEO Y MANTENIMIENTO<\/a><\/li>\n<li class=\"menu-item menu-item-type-custom menu-item-object-custom menu-item-15768\"><a href=\"https:\/\/colegiomontessori.cl\/wp2\/informatica-y-comunicaciones\/\" class=\"elementor-item menu-link\">INFORM\u00c1TICA Y COMUNICACIONES<\/a><\/li>\n<\/ul>\t\t\t<\/nav>\n\t\t\t\t\t<div class=\"elementor-menu-toggle\" role=\"button\" tabindex=\"0\" aria-label=\"Alternar men\u00fa\" aria-expanded=\"false\">\n\t\t\t<i aria-hidden=\"true\" role=\"presentation\" class=\"elementor-menu-toggle__icon--open eicon-menu-bar\"><\/i><i aria-hidden=\"true\" role=\"presentation\" class=\"elementor-menu-toggle__icon--close eicon-close\"><\/i>\t\t\t<span class=\"elementor-screen-only\">Men\u00fa<\/span>\n\t\t<\/div>\n\t\t\t\t\t<nav class=\"elementor-nav-menu--dropdown elementor-nav-menu__container\" aria-hidden=\"true\">\n\t\t\t\t<ul id=\"menu-2-7d306d0c\" class=\"elementor-nav-menu\"><li class=\"menu-item menu-item-type-custom menu-item-object-custom menu-item-16679\"><a href=\"https:\/\/colegiomontessori.cl\/wp2\/equipo-directivo\" class=\"elementor-item menu-link\" tabindex=\"-1\">EQUIPO DIRECTIVO<\/a><\/li>\n<li class=\"menu-item menu-item-type-custom menu-item-object-custom menu-item-3409\"><a href=\"https:\/\/colegiomontessori.cl\/wp2\/administracion-y-finanzas\/\" class=\"elementor-item menu-link\" tabindex=\"-1\">ADMINISTRACI\u00d3N Y FINANZAS<\/a><\/li>\n<li class=\"menu-item menu-item-type-custom menu-item-object-custom menu-item-3410\"><a href=\"https:\/\/colegiomontessori.cl\/wp2\/inspectoria-general\/\" class=\"elementor-item menu-link\" tabindex=\"-1\">INSPECTOR\u00cdA GENERAL<\/a><\/li>\n<li class=\"menu-item menu-item-type-custom menu-item-object-custom menu-item-27608\"><a href=\"https:\/\/colegiomontessori.cl\/wp2\/convivencia-escolar\" class=\"elementor-item menu-link\" tabindex=\"-1\">CONVIVENCIA ESCOLAR<\/a><\/li>\n<li class=\"menu-item menu-item-type-custom menu-item-object-custom menu-item-3415\"><a href=\"https:\/\/colegiomontessori.cl\/wp2\/educacion-parvularia\/\" class=\"elementor-item menu-link\" tabindex=\"-1\">EDUCACI\u00d3N PARVULARIA<\/a><\/li>\n<li class=\"menu-item menu-item-type-custom menu-item-object-custom menu-item-3408\"><a href=\"https:\/\/colegiomontessori.cl\/wp2\/educacion-basica\/\" class=\"elementor-item menu-link\" tabindex=\"-1\">EDUCACI\u00d3N B\u00c1SICA<\/a><\/li>\n<li class=\"menu-item menu-item-type-custom menu-item-object-custom menu-item-3411\"><a href=\"https:\/\/colegiomontessori.cl\/wp2\/educacion-media\/\" class=\"elementor-item menu-link\" tabindex=\"-1\">EDUCACI\u00d3N MEDIA<\/a><\/li>\n<li class=\"menu-item menu-item-type-custom menu-item-object-custom menu-item-3412\"><a href=\"https:\/\/colegiomontessori.cl\/wp2\/programa-de-integracion-escolar\/\" class=\"elementor-item menu-link\" tabindex=\"-1\">PROGRAMA DE INTEGRACI\u00d3N ESCOLAR<\/a><\/li>\n<li class=\"menu-item menu-item-type-custom menu-item-object-custom menu-item-15767\"><a href=\"https:\/\/colegiomontessori.cl\/wp2\/biblioteca-cra\/\" class=\"elementor-item menu-link\" tabindex=\"-1\">BIBLIOTECA CRA<\/a><\/li>\n<li class=\"menu-item menu-item-type-custom menu-item-object-custom menu-item-15756\"><a href=\"https:\/\/colegiomontessori.cl\/wp2\/aseo-y-mantenimiento\/\" class=\"elementor-item menu-link\" tabindex=\"-1\">ASEO Y MANTENIMIENTO<\/a><\/li>\n<li class=\"menu-item menu-item-type-custom menu-item-object-custom menu-item-15768\"><a href=\"https:\/\/colegiomontessori.cl\/wp2\/informatica-y-comunicaciones\/\" class=\"elementor-item menu-link\" tabindex=\"-1\">INFORM\u00c1TICA Y COMUNICACIONES<\/a><\/li>\n<\/ul>\t\t\t<\/nav>\n\t\t\t\t<\/div>\n\t\t\t\t<\/div>\n\t\t\t\t<div class=\"elementor-element elementor-element-3c26975 elementor-hidden-desktop elementor-widget elementor-widget-heading\" data-id=\"3c26975\" data-element_type=\"widget\" data-widget_type=\"heading.default\">\n\t\t\t\t<div class=\"elementor-widget-container\">\n\t\t\t<h6 class=\"elementor-heading-title elementor-size-default\">INFORM\u00c1TICA Y COMUNICACIONES<\/h6>\t\t<\/div>\n\t\t\t\t<\/div>\n\t\t\t\t<div class=\"elementor-element elementor-element-7ac1329 elementor-hidden-desktop elementor-hidden-tablet elementor-widget-divider--view-line elementor-widget elementor-widget-divider\" data-id=\"7ac1329\" data-element_type=\"widget\" data-widget_type=\"divider.default\">\n\t\t\t\t<div class=\"elementor-widget-container\">\n\t\t\t\t\t<div class=\"elementor-divider\">\n\t\t\t<span class=\"elementor-divider-separator\">\n\t\t\t\t\t\t<\/span>\n\t\t<\/div>\n\t\t\t\t<\/div>\n\t\t\t\t<\/div>\n\t\t\t\t<div class=\"elementor-element elementor-element-3bf3a99 elementor-hidden-tablet elementor-hidden-phone elementor-widget elementor-widget-heading\" data-id=\"3bf3a99\" data-element_type=\"widget\" data-widget_type=\"heading.default\">\n\t\t\t\t<div class=\"elementor-widget-container\">\n\t\t\t<h6 class=\"elementor-heading-title elementor-size-default\">INFORM\u00c1TICA Y COMUNICACIONES<\/h6>\t\t<\/div>\n\t\t\t\t<\/div>\n\t\t\t\t<div class=\"elementor-element elementor-element-a7ca17a elementor-hidden-phone elementor-widget-divider--view-line elementor-widget elementor-widget-divider\" data-id=\"a7ca17a\" data-element_type=\"widget\" data-widget_type=\"divider.default\">\n\t\t\t\t<div class=\"elementor-widget-container\">\n\t\t\t\t\t<div class=\"elementor-divider\">\n\t\t\t<span class=\"elementor-divider-separator\">\n\t\t\t\t\t\t<\/span>\n\t\t<\/div>\n\t\t\t\t<\/div>\n\t\t\t\t<\/div>\n\t\t\t\t\t<\/div>\n\t\t<\/div>\n\t\t\t\t\t\t\t<\/div>\n\t\t<\/section>\n\t\t\t\t<section class=\"elementor-section elementor-top-section elementor-element elementor-element-6c02ecdd elementor-section-full_width elementor-section-height-default elementor-section-height-default\" data-id=\"6c02ecdd\" data-element_type=\"section\">\n\t\t\t\t\t\t<div class=\"elementor-container elementor-column-gap-default\">\n\t\t\t\t\t<div class=\"elementor-column elementor-col-100 elementor-top-column elementor-element elementor-element-6b77f3f\" data-id=\"6b77f3f\" data-element_type=\"column\">\n\t\t\t<div class=\"elementor-widget-wrap elementor-element-populated\">\n\t\t\t\t\t\t\t\t<section class=\"elementor-section elementor-inner-section elementor-element elementor-element-eefc55f elementor-section-full_width elementor-section-height-default elementor-section-height-default\" data-id=\"eefc55f\" data-element_type=\"section\">\n\t\t\t\t\t\t<div class=\"elementor-container elementor-column-gap-default\">\n\t\t\t\t\t<div class=\"elementor-column elementor-col-20 elementor-inner-column elementor-element elementor-element-a81adcf\" data-id=\"a81adcf\" data-element_type=\"column\">\n\t\t\t<div class=\"elementor-widget-wrap elementor-element-populated\">\n\t\t\t\t\t\t\t\t<div class=\"elementor-element elementor-element-27e24af elementor-hidden-tablet elementor-hidden-phone elementor-widget elementor-widget-heading\" data-id=\"27e24af\" data-element_type=\"widget\" data-widget_type=\"heading.default\">\n\t\t\t\t<div class=\"elementor-widget-container\">\n\t\t\t<h5 class=\"elementor-heading-title elementor-size-default\">COLABORADORES<\/h5>\t\t<\/div>\n\t\t\t\t<\/div>\n\t\t\t\t<div class=\"elementor-element elementor-element-ce30f41 elementor-nav-menu__align-right elementor-hidden-tablet elementor-hidden-phone elementor-nav-menu--dropdown-tablet elementor-nav-menu__text-align-aside elementor-widget elementor-widget-nav-menu\" data-id=\"ce30f41\" data-element_type=\"widget\" data-settings=\"{&quot;layout&quot;:&quot;vertical&quot;,&quot;submenu_icon&quot;:{&quot;value&quot;:&quot;&lt;i class=\\&quot;fas fa-caret-down\\&quot;&gt;&lt;\\\/i&gt;&quot;,&quot;library&quot;:&quot;fa-solid&quot;}}\" data-widget_type=\"nav-menu.default\">\n\t\t\t\t<div class=\"elementor-widget-container\">\n\t\t\t\t\t\t<nav class=\"elementor-nav-menu--main elementor-nav-menu__container elementor-nav-menu--layout-vertical e--pointer-underline e--animation-fade\">\n\t\t\t\t<ul id=\"menu-1-ce30f41\" class=\"elementor-nav-menu sm-vertical\"><li class=\"menu-item menu-item-type-custom menu-item-object-custom menu-item-16679\"><a href=\"https:\/\/colegiomontessori.cl\/wp2\/equipo-directivo\" class=\"elementor-item menu-link\">EQUIPO DIRECTIVO<\/a><\/li>\n<li class=\"menu-item menu-item-type-custom menu-item-object-custom menu-item-3409\"><a href=\"https:\/\/colegiomontessori.cl\/wp2\/administracion-y-finanzas\/\" class=\"elementor-item menu-link\">ADMINISTRACI\u00d3N Y FINANZAS<\/a><\/li>\n<li class=\"menu-item menu-item-type-custom menu-item-object-custom menu-item-3410\"><a href=\"https:\/\/colegiomontessori.cl\/wp2\/inspectoria-general\/\" class=\"elementor-item menu-link\">INSPECTOR\u00cdA GENERAL<\/a><\/li>\n<li class=\"menu-item menu-item-type-custom menu-item-object-custom menu-item-27608\"><a href=\"https:\/\/colegiomontessori.cl\/wp2\/convivencia-escolar\" class=\"elementor-item menu-link\">CONVIVENCIA ESCOLAR<\/a><\/li>\n<li class=\"menu-item menu-item-type-custom menu-item-object-custom menu-item-3415\"><a href=\"https:\/\/colegiomontessori.cl\/wp2\/educacion-parvularia\/\" class=\"elementor-item menu-link\">EDUCACI\u00d3N PARVULARIA<\/a><\/li>\n<li class=\"menu-item menu-item-type-custom menu-item-object-custom menu-item-3408\"><a href=\"https:\/\/colegiomontessori.cl\/wp2\/educacion-basica\/\" class=\"elementor-item menu-link\">EDUCACI\u00d3N B\u00c1SICA<\/a><\/li>\n<li class=\"menu-item menu-item-type-custom menu-item-object-custom menu-item-3411\"><a href=\"https:\/\/colegiomontessori.cl\/wp2\/educacion-media\/\" class=\"elementor-item menu-link\">EDUCACI\u00d3N MEDIA<\/a><\/li>\n<li class=\"menu-item menu-item-type-custom menu-item-object-custom menu-item-3412\"><a href=\"https:\/\/colegiomontessori.cl\/wp2\/programa-de-integracion-escolar\/\" class=\"elementor-item menu-link\">PROGRAMA DE INTEGRACI\u00d3N ESCOLAR<\/a><\/li>\n<li class=\"menu-item menu-item-type-custom menu-item-object-custom menu-item-15767\"><a href=\"https:\/\/colegiomontessori.cl\/wp2\/biblioteca-cra\/\" class=\"elementor-item menu-link\">BIBLIOTECA CRA<\/a><\/li>\n<li class=\"menu-item menu-item-type-custom menu-item-object-custom menu-item-15756\"><a href=\"https:\/\/colegiomontessori.cl\/wp2\/aseo-y-mantenimiento\/\" class=\"elementor-item menu-link\">ASEO Y MANTENIMIENTO<\/a><\/li>\n<li class=\"menu-item menu-item-type-custom menu-item-object-custom menu-item-15768\"><a href=\"https:\/\/colegiomontessori.cl\/wp2\/informatica-y-comunicaciones\/\" class=\"elementor-item menu-link\">INFORM\u00c1TICA Y COMUNICACIONES<\/a><\/li>\n<\/ul>\t\t\t<\/nav>\n\t\t\t\t\t\t<nav class=\"elementor-nav-menu--dropdown elementor-nav-menu__container\" aria-hidden=\"true\">\n\t\t\t\t<ul id=\"menu-2-ce30f41\" class=\"elementor-nav-menu sm-vertical\"><li class=\"menu-item menu-item-type-custom menu-item-object-custom menu-item-16679\"><a href=\"https:\/\/colegiomontessori.cl\/wp2\/equipo-directivo\" class=\"elementor-item menu-link\" tabindex=\"-1\">EQUIPO DIRECTIVO<\/a><\/li>\n<li class=\"menu-item menu-item-type-custom menu-item-object-custom menu-item-3409\"><a href=\"https:\/\/colegiomontessori.cl\/wp2\/administracion-y-finanzas\/\" class=\"elementor-item menu-link\" tabindex=\"-1\">ADMINISTRACI\u00d3N Y FINANZAS<\/a><\/li>\n<li class=\"menu-item menu-item-type-custom menu-item-object-custom menu-item-3410\"><a href=\"https:\/\/colegiomontessori.cl\/wp2\/inspectoria-general\/\" class=\"elementor-item menu-link\" tabindex=\"-1\">INSPECTOR\u00cdA GENERAL<\/a><\/li>\n<li class=\"menu-item menu-item-type-custom menu-item-object-custom menu-item-27608\"><a href=\"https:\/\/colegiomontessori.cl\/wp2\/convivencia-escolar\" class=\"elementor-item menu-link\" tabindex=\"-1\">CONVIVENCIA ESCOLAR<\/a><\/li>\n<li class=\"menu-item menu-item-type-custom menu-item-object-custom menu-item-3415\"><a href=\"https:\/\/colegiomontessori.cl\/wp2\/educacion-parvularia\/\" class=\"elementor-item menu-link\" tabindex=\"-1\">EDUCACI\u00d3N PARVULARIA<\/a><\/li>\n<li class=\"menu-item menu-item-type-custom menu-item-object-custom menu-item-3408\"><a href=\"https:\/\/colegiomontessori.cl\/wp2\/educacion-basica\/\" class=\"elementor-item menu-link\" tabindex=\"-1\">EDUCACI\u00d3N B\u00c1SICA<\/a><\/li>\n<li class=\"menu-item menu-item-type-custom menu-item-object-custom menu-item-3411\"><a href=\"https:\/\/colegiomontessori.cl\/wp2\/educacion-media\/\" class=\"elementor-item menu-link\" tabindex=\"-1\">EDUCACI\u00d3N MEDIA<\/a><\/li>\n<li class=\"menu-item menu-item-type-custom menu-item-object-custom menu-item-3412\"><a href=\"https:\/\/colegiomontessori.cl\/wp2\/programa-de-integracion-escolar\/\" class=\"elementor-item menu-link\" tabindex=\"-1\">PROGRAMA DE INTEGRACI\u00d3N ESCOLAR<\/a><\/li>\n<li class=\"menu-item menu-item-type-custom menu-item-object-custom menu-item-15767\"><a href=\"https:\/\/colegiomontessori.cl\/wp2\/biblioteca-cra\/\" class=\"elementor-item menu-link\" tabindex=\"-1\">BIBLIOTECA CRA<\/a><\/li>\n<li class=\"menu-item menu-item-type-custom menu-item-object-custom menu-item-15756\"><a href=\"https:\/\/colegiomontessori.cl\/wp2\/aseo-y-mantenimiento\/\" class=\"elementor-item menu-link\" tabindex=\"-1\">ASEO Y MANTENIMIENTO<\/a><\/li>\n<li class=\"menu-item menu-item-type-custom menu-item-object-custom menu-item-15768\"><a href=\"https:\/\/colegiomontessori.cl\/wp2\/informatica-y-comunicaciones\/\" class=\"elementor-item menu-link\" tabindex=\"-1\">INFORM\u00c1TICA Y COMUNICACIONES<\/a><\/li>\n<\/ul>\t\t\t<\/nav>\n\t\t\t\t<\/div>\n\t\t\t\t<\/div>\n\t\t\t\t\t<\/div>\n\t\t<\/div>\n\t\t\t\t<div class=\"elementor-column elementor-col-20 elementor-inner-column elementor-element elementor-element-4bd1150\" data-id=\"4bd1150\" data-element_type=\"column\">\n\t\t\t<div class=\"elementor-widget-wrap elementor-element-populated\">\n\t\t\t\t\t\t\t\t<div class=\"elementor-element elementor-element-7ec91aa elementor-widget elementor-widget-image\" data-id=\"7ec91aa\" data-element_type=\"widget\" data-widget_type=\"image.default\">\n\t\t\t\t<div class=\"elementor-widget-container\">\n\t\t\t\t\t\t\t\t\t\t\t\t\t\t\t<img loading=\"lazy\" decoding=\"async\" width=\"300\" height=\"200\" src=\"https:\/\/colegiomontessori.cl\/wp2\/wp-content\/uploads\/2023\/03\/fabian-m-300x200.jpg\" class=\"attachment-medium size-medium wp-image-15987\" alt=\"\" srcset=\"https:\/\/colegiomontessori.cl\/wp2\/wp-content\/uploads\/2023\/03\/fabian-m-300x200.jpg 300w, https:\/\/colegiomontessori.cl\/wp2\/wp-content\/uploads\/2023\/03\/fabian-m.jpg 400w\" sizes=\"auto, (max-width: 300px) 100vw, 300px\" \/>\t\t\t\t\t\t\t\t\t\t\t\t\t\t\t<\/div>\n\t\t\t\t<\/div>\n\t\t\t\t<div class=\"elementor-element elementor-element-39bbb21 elementor-widget elementor-widget-heading\" data-id=\"39bbb21\" data-element_type=\"widget\" data-widget_type=\"heading.default\">\n\t\t\t\t<div class=\"elementor-widget-container\">\n\t\t\t<h6 class=\"elementor-heading-title elementor-size-default\">Fabi\u00e1n Mendoza Andrades<\/h6>\t\t<\/div>\n\t\t\t\t<\/div>\n\t\t\t\t<div class=\"elementor-element elementor-element-433fbe0 elementor-widget elementor-widget-text-editor\" data-id=\"433fbe0\" data-element_type=\"widget\" data-widget_type=\"text-editor.default\">\n\t\t\t\t<div class=\"elementor-widget-container\">\n\t\t\t\t\t\t\t<p>Jefe de Inform\u00e1tica<\/p><p><a href=\"mailto:fabian.mendoza@colegiomontessori.cl\">fabian.mendoza@colegiomontessori.cl<\/a><\/p>\t\t\t\t\t\t<\/div>\n\t\t\t\t<\/div>\n\t\t\t\t\t<\/div>\n\t\t<\/div>\n\t\t\t\t<div class=\"elementor-column elementor-col-20 elementor-inner-column elementor-element elementor-element-23f0424\" data-id=\"23f0424\" data-element_type=\"column\">\n\t\t\t<div class=\"elementor-widget-wrap elementor-element-populated\">\n\t\t\t\t\t\t\t\t<div class=\"elementor-element elementor-element-a7cf0dc elementor-widget elementor-widget-image\" data-id=\"a7cf0dc\" data-element_type=\"widget\" data-widget_type=\"image.default\">\n\t\t\t\t<div class=\"elementor-widget-container\">\n\t\t\t\t\t\t\t\t\t\t\t\t\t\t\t<img loading=\"lazy\" decoding=\"async\" width=\"300\" height=\"200\" src=\"https:\/\/colegiomontessori.cl\/wp2\/wp-content\/uploads\/2023\/02\/raul-h-300x200.jpg\" class=\"attachment-medium size-medium wp-image-15339\" alt=\"\" srcset=\"https:\/\/colegiomontessori.cl\/wp2\/wp-content\/uploads\/2023\/02\/raul-h-300x200.jpg 300w, https:\/\/colegiomontessori.cl\/wp2\/wp-content\/uploads\/2023\/02\/raul-h.jpg 352w\" sizes=\"auto, (max-width: 300px) 100vw, 300px\" \/>\t\t\t\t\t\t\t\t\t\t\t\t\t\t\t<\/div>\n\t\t\t\t<\/div>\n\t\t\t\t<div class=\"elementor-element elementor-element-9c80183 elementor-widget elementor-widget-heading\" data-id=\"9c80183\" data-element_type=\"widget\" data-widget_type=\"heading.default\">\n\t\t\t\t<div class=\"elementor-widget-container\">\n\t\t\t<h6 class=\"elementor-heading-title elementor-size-default\">Ra\u00fal Hauenstein Jeria<\/h6>\t\t<\/div>\n\t\t\t\t<\/div>\n\t\t\t\t<div class=\"elementor-element elementor-element-d53ffdd elementor-widget elementor-widget-text-editor\" data-id=\"d53ffdd\" data-element_type=\"widget\" data-widget_type=\"text-editor.default\">\n\t\t\t\t<div class=\"elementor-widget-container\">\n\t\t\t\t\t\t\t<p>Jefe de Comunicaciones<\/p><p><a href=\"mailto:raul.hauenstein@colegiomontessori.cl\">raul.hauenstein@colegiomontessori.cl<\/a><\/p>\t\t\t\t\t\t<\/div>\n\t\t\t\t<\/div>\n\t\t\t\t\t<\/div>\n\t\t<\/div>\n\t\t\t\t<div class=\"elementor-column elementor-col-20 elementor-inner-column elementor-element elementor-element-e8ae0ef\" data-id=\"e8ae0ef\" data-element_type=\"column\">\n\t\t\t<div class=\"elementor-widget-wrap\">\n\t\t\t\t\t\t\t\t\t<\/div>\n\t\t<\/div>\n\t\t\t\t<div class=\"elementor-column elementor-col-20 elementor-inner-column elementor-element elementor-element-62dd3f2\" data-id=\"62dd3f2\" data-element_type=\"column\">\n\t\t\t<div class=\"elementor-widget-wrap\">\n\t\t\t\t\t\t\t\t\t<\/div>\n\t\t<\/div>\n\t\t\t\t\t\t\t<\/div>\n\t\t<\/section>\n\t\t\t\t<div class=\"elementor-element elementor-element-54cc14f elementor-widget elementor-widget-spacer\" data-id=\"54cc14f\" data-element_type=\"widget\" data-widget_type=\"spacer.default\">\n\t\t\t\t<div class=\"elementor-widget-container\">\n\t\t\t\t\t<div class=\"elementor-spacer\">\n\t\t\t<div class=\"elementor-spacer-inner\"><\/div>\n\t\t<\/div>\n\t\t\t\t<\/div>\n\t\t\t\t<\/div>\n\t\t\t\t\t<\/div>\n\t\t<\/div>\n\t\t\t\t\t\t\t<\/div>\n\t\t<\/section>\n\t\t\t\t\t\t\t<\/div>\n\t\t","protected":false},"excerpt":{"rendered":"<p>COLABORADORES INFORM\u00c1TICA Y COMUNICACIONES INFORM\u00c1TICA Y COMUNICACIONES COLABORADORES Fabi\u00e1n Mendoza Andrades Jefe de Inform\u00e1tica fabian.mendoza@colegiomontessori.cl Ra\u00fal Hauenstein Jeria Jefe de Comunicaciones raul.hauenstein@colegiomontessori.cl<\/p>\n","protected":false},"author":2,"featured_media":0,"parent":0,"menu_order":0,"comment_status":"closed","ping_status":"closed","template":"","meta":{"footnotes":""},"class_list":["post-15806","page","type-page","status-publish","hentry"],"_links":{"self":[{"href":"https:\/\/colegiomontessori.cl\/wp2\/wp-json\/wp\/v2\/pages\/15806","targetHints":{"allow":["GET"]}}],"collection":[{"href":"https:\/\/colegiomontessori.cl\/wp2\/wp-json\/wp\/v2\/pages"}],"about":[{"href":"https:\/\/colegiomontessori.cl\/wp2\/wp-json\/wp\/v2\/types\/page"}],"author":[{"embeddable":true,"href":"https:\/\/colegiomontessori.cl\/wp2\/wp-json\/wp\/v2\/users\/2"}],"replies":[{"embeddable":true,"href":"https:\/\/colegiomontessori.cl\/wp2\/wp-json\/wp\/v2\/comments?post=15806"}],"version-history":[{"count":19,"href":"https:\/\/colegiomontessori.cl\/wp2\/wp-json\/wp\/v2\/pages\/15806\/revisions"}],"predecessor-version":[{"id":26553,"href":"https:\/\/colegiomontessori.cl\/wp2\/wp-json\/wp\/v2\/pages\/15806\/revisions\/26553"}],"wp:attachment":[{"href":"https:\/\/colegiomontessori.cl\/wp2\/wp-json\/wp\/v2\/media?parent=15806"}],"curies":[{"name":"wp","href":"https:\/\/api.w.org\/{rel}","templated":true}]}}